{"id":58,"date":"2017-08-13T14:00:29","date_gmt":"2017-08-13T13:00:29","guid":{"rendered":"http:\/\/127.0.0.1\/wordpress\/?page_id=57"},"modified":"2024-03-05T10:39:31","modified_gmt":"2024-03-05T09:39:31","slug":"longieren","status":"publish","type":"page","link":"https:\/\/www.og-ffm-praunheim.de\/?page_id=58","title":{"rendered":"Longieren mit dem Hund"},"content":{"rendered":"<p>Das Longieren mit Hund entspricht im Wesentlichen der gleichnamigen Pferdesportart. Die Hunde laufen mit oder ohne Leine entlang eines abgesteckten Longierkreisels und m\u00fcssen dabei verschiedene Kommandos befolgen, \u00dcbungen ausf\u00fchren und Sichtsignale erkennen. Als Hundesport wird Longieren seit den 1960er Jahren betrieben. Es diente urspr\u00fcnglich als Ausdauertraining f\u00fcr Polizeihunde in Skandinavien und gewann unter Hundebesitzern an Beliebtheit. Das Longieren dient als gemeinsames Training f\u00fcr Hund und Haltern.<\/p>\n<p><strong>Trainingsziel<\/strong><\/p>\n<p>Das Longieren ist eine Besch\u00e4ftigung mit dem Hund, welche die Bindung und das Miteinander zwischen Mensch und Hund in den Vordergrund stellt. Longieren ist eine sinnvolle Bsch\u00e4ftigung f\u00fcr den Hund, die ihn geistig und k\u00f6rperlich ausgelastet und zur Vertiefung der Bindung zwischen Mensch und Hund beitr\u00e4gt. Grundlegende Kommandos werden ebenso trainiert wie einfache Verhaltensregeln, die im Alltag h\u00e4ufig gebraucht werden. Beispielsweise kann das Stoppen, Abliegen oder Absitzen auf Distanz gefestigt werden.<\/p>\n<p><strong>Voraussetzungen<\/strong><\/p>\n<p>Prinzipiell k\u00f6nnen Hunde jeden Alters und jeder Rasse, die k\u00f6perlich gesund sind, longiert werden.<\/p>\n<p><strong>Kontakt:<\/strong> <a href=\"mailto:rasch@og-ffm-praunheim.de\">Elena Rasch<\/a><\/p>\n","protected":false},"excerpt":{"rendered":"<p>Das Longieren mit Hund entspricht im Wesentlichen der gleichnamigen Pferdesportart. Die Hunde laufen mit oder ohne Leine entlang eines abgesteckten Longierkreisels und m\u00fcssen dabei verschiedene Kommandos befolgen, \u00dcbungen ausf\u00fchren und Sichtsignale erkennen. Als Hundesport wird Longieren seit den 1960er Jahren betrieben. Es diente urspr\u00fcnglich als Ausdauertraining f\u00fcr Polizeihunde in Skandinavien und gewann unter Hundebesitzern an &hellip; <\/p>\n<p class=\"link-more\"><a href=\"https:\/\/www.og-ffm-praunheim.de\/?page_id=58\" class=\"more-link\"><span class=\"screen-reader-text\">\u201eLongieren mit dem Hund\u201c <\/span>weiterlesen<\/a><\/p>\n","protected":false},"author":1,"featured_media":0,"parent":0,"menu_order":0,"comment_status":"closed","ping_status":"closed","template":"","meta":{"_mc_calendar":[],"footnotes":""},"class_list":["post-58","page","type-page","status-publish","hentry"],"_links":{"self":[{"href":"https:\/\/www.og-ffm-praunheim.de\/index.php?rest_route=\/wp\/v2\/pages\/58","targetHints":{"allow":["GET"]}}],"collection":[{"href":"https:\/\/www.og-ffm-praunheim.de\/index.php?rest_route=\/wp\/v2\/pages"}],"about":[{"href":"https:\/\/www.og-ffm-praunheim.de\/index.php?rest_route=\/wp\/v2\/types\/page"}],"author":[{"embeddable":true,"href":"https:\/\/www.og-ffm-praunheim.de\/index.php?rest_route=\/wp\/v2\/users\/1"}],"replies":[{"embeddable":true,"href":"https:\/\/www.og-ffm-praunheim.de\/index.php?rest_route=%2Fwp%2Fv2%2Fcomments&post=58"}],"version-history":[{"count":10,"href":"https:\/\/www.og-ffm-praunheim.de\/index.php?rest_route=\/wp\/v2\/pages\/58\/revisions"}],"predecessor-version":[{"id":743,"href":"https:\/\/www.og-ffm-praunheim.de\/index.php?rest_route=\/wp\/v2\/pages\/58\/revisions\/743"}],"wp:attachment":[{"href":"https:\/\/www.og-ffm-praunheim.de\/index.php?rest_route=%2Fwp%2Fv2%2Fmedia&parent=58"}],"curies":[{"name":"wp","href":"https:\/\/api.w.org\/{rel}","templated":true}]}}