{"id":57,"date":"2017-08-13T14:00:29","date_gmt":"2017-08-13T13:00:29","guid":{"rendered":"http:\/\/127.0.0.1\/wordpress\/?page_id=56"},"modified":"2024-03-05T10:27:14","modified_gmt":"2024-03-05T09:27:14","slug":"agility","status":"publish","type":"page","link":"https:\/\/www.og-ffm-praunheim.de\/?page_id=57","title":{"rendered":"Agility"},"content":{"rendered":"<p>Agility (engl. : Wendigkeit, Flinkheit )\u00a0\u00a0ist eine Hundesportart aus England, die in den 1980er Jahren nach\u00a0 Deutschland &#8222;importiert&#8220; wurde. Im Gro\u00dfen &amp; Ganzen geht es darum, dass Hund und Hundef\u00fchrer gemeinsam einen Parcours aus verschiedenen Hindernissen m\u00f6glichst fehlerfrei und in einer guten Zeit schaffen. Urspr\u00fcnglich nur als Pausenf\u00fcller bei der Crufts Dog Show (Birmingham) gedacht, hat sich Agility zu einer weit verbreiteten und popul\u00e4ren Sportart entwickelt.<\/p>\n<p>In Deutschland wird Agility erstmal in drei Gr\u00f6\u00dfen aufgeteilt- Small (Schulterh\u00f6he &lt; 35 cm), Medium (Schulterh\u00f6he 35 &#8211; 42,99 cm) und Large (Schulterh\u00f6he &gt; 43 cm). Auf den Turnieren gibt es vier verschiedene Leistungsklassen: A0, A1, A2 und A3. Wenn man in die jeweils h\u00f6here Klasse aufsteigen will, muss man eine bestimmte Anzahl von fehlerfreien Pacoursdurchl\u00e4ufen haben.<\/p>\n<p>Am Anfang wird der Hund an die unterschiedlichen Hindernisse gew\u00f6hnt. Wir achten darauf, dass jeder Hund sein eigenes Tempo beim Lernen finden kann. Das wichtigste ist dass es Hund und Hundef\u00fchrer Spa\u00df macht!<\/p>\n<p><strong>Mitzubringen sind:\u00a0<\/strong>Leckerlis, Spielzeug, eine einfache Leine, in der sich der Hund nicht verheddern kann und nat\u00fcrlich gute Laune!<\/p>\n<p><strong>Kontakt: <\/strong><a href=\"mailto:agility@og-ffm-praunheim.de\">Elena Rasch<\/a><\/p>\n","protected":false},"excerpt":{"rendered":"<p>Agility (engl. : Wendigkeit, Flinkheit )\u00a0\u00a0ist eine Hundesportart aus England, die in den 1980er Jahren nach\u00a0 Deutschland &#8222;importiert&#8220; wurde. Im Gro\u00dfen &amp; Ganzen geht es darum, dass Hund und Hundef\u00fchrer gemeinsam einen Parcours aus verschiedenen Hindernissen m\u00f6glichst fehlerfrei und in einer guten Zeit schaffen. Urspr\u00fcnglich nur als Pausenf\u00fcller bei der Crufts Dog Show (Birmingham) gedacht, &hellip; <\/p>\n<p class=\"link-more\"><a href=\"https:\/\/www.og-ffm-praunheim.de\/?page_id=57\" class=\"more-link\"><span class=\"screen-reader-text\">\u201eAgility\u201c <\/span>weiterlesen<\/a><\/p>\n","protected":false},"author":1,"featured_media":0,"parent":0,"menu_order":0,"comment_status":"closed","ping_status":"closed","template":"","meta":{"_mc_calendar":[],"footnotes":""},"class_list":["post-57","page","type-page","status-publish","hentry"],"_links":{"self":[{"href":"https:\/\/www.og-ffm-praunheim.de\/index.php?rest_route=\/wp\/v2\/pages\/57","targetHints":{"allow":["GET"]}}],"collection":[{"href":"https:\/\/www.og-ffm-praunheim.de\/index.php?rest_route=\/wp\/v2\/pages"}],"about":[{"href":"https:\/\/www.og-ffm-praunheim.de\/index.php?rest_route=\/wp\/v2\/types\/page"}],"author":[{"embeddable":true,"href":"https:\/\/www.og-ffm-praunheim.de\/index.php?rest_route=\/wp\/v2\/users\/1"}],"replies":[{"embeddable":true,"href":"https:\/\/www.og-ffm-praunheim.de\/index.php?rest_route=%2Fwp%2Fv2%2Fcomments&post=57"}],"version-history":[{"count":7,"href":"https:\/\/www.og-ffm-praunheim.de\/index.php?rest_route=\/wp\/v2\/pages\/57\/revisions"}],"predecessor-version":[{"id":730,"href":"https:\/\/www.og-ffm-praunheim.de\/index.php?rest_route=\/wp\/v2\/pages\/57\/revisions\/730"}],"wp:attachment":[{"href":"https:\/\/www.og-ffm-praunheim.de\/index.php?rest_route=%2Fwp%2Fv2%2Fmedia&parent=57"}],"curies":[{"name":"wp","href":"https:\/\/api.w.org\/{rel}","templated":true}]}}