{"id":56,"date":"2017-08-13T14:00:29","date_gmt":"2017-08-13T13:00:29","guid":{"rendered":"http:\/\/127.0.0.1\/wordpress\/?page_id=55"},"modified":"2024-04-02T19:25:48","modified_gmt":"2024-04-02T17:25:48","slug":"ipo","status":"publish","type":"page","link":"https:\/\/www.og-ffm-praunheim.de\/?page_id=56","title":{"rendered":"IGP"},"content":{"rendered":"<p><em>Was wird in einer IGP Pr\u00fcfung ( <strong>I<\/strong>nternationale <strong>Gebrauchshundepr\u00fcfung<\/strong> ) eigentlich gemacht?<br \/>\n<\/em><\/p>\n<p>Die Pr\u00fcfung besteht aus 3 Teilen: der F\u00e4hrte (Abteilung A), der Unterordnung<br \/>\n(Abteilung B) und des Schutzdienstes (Abteilung C). Hier werden die drei Abteilungen einmal kurz erkl\u00e4rt. Es gibt drei Schwierigkeitsstufen (IGP 1-IGP3)<\/p>\n<p><strong>F\u00e4hrte<br \/>\n<\/strong>Der Hund folgt einer F\u00e4hrte \u00fcber einen Acker, eine Wiese oder \u00e4hnliches Gel\u00e4nde, die ein F\u00e4hrtenleger eine halbe bis drei Stunden vorher gelegt hat. Unterwegs \u201cverliert\u201c der F\u00e4hrtenleger einige Gegenst\u00e4nde, die der Hund dem Hundef\u00fchrer anzeigen muss. Die Schwierigkeit besteht darin, dem Hund beizubringen die F\u00e4hrte genau abzuarbeiten, nicht in Fremdf\u00e4hrten anderer Menschen oder Tiere abzudriften.<\/p>\n<p><strong>Unterordnung<br \/>\n<\/strong>Bei der Unterordnung geht es um Leinenf\u00fchrigkeit, Freifolge, &#8222;Sitz&#8220; aus der Bewegung, &#8222;Platz&#8220; in Verbindung mit Herankommen und Platzablage, die der Hund beherrschen muss. Bei der IGP1 bis IGP3 kommen noch weitere Kommandos hinzu, z.B. apportieren auf ebener Fl\u00e4che, \u00fcber die 1-Meter-H\u00fcrde sowie \u00fcber die 1,80 m hohe Kletterwand. Au\u00dferdem muss der Hund auf H\u00f6r- und Sichtzeichen ein bestimmtes St\u00fcck voraus laufen sowie das H\u00f6rzeichen \u201eSteh\u201c ausf\u00fchren.<\/p>\n<p><strong>Schutzdienst<\/strong><br \/>\nDer Hund entwickelt sich zu einem gut erzogenen und ausgelasteten Begleiter. In der IGP-Pr\u00fcfung muss er seinen Hundef\u00fchrer bei Angriffen verteidigen, den Schutzdiensthelfer bewachen, d.h. verbellen, ihn in langer Flucht stellen, sowie seinen Hundef\u00fchrer gehorsam begleiten, w\u00e4hrend dieser neben dem Helfer l\u00e4uft, sich unbefangen zeigen bis ein Angriff des Helfers erfolgt.<\/p>\n<p><strong>Kontakt: <\/strong><a href=\"mailto:sauerbrey@og-ffm-praunheim.de\">Birgit Sauerbrey<\/a><\/p>\n","protected":false},"excerpt":{"rendered":"<p>Was wird in einer IGP Pr\u00fcfung ( Internationale Gebrauchshundepr\u00fcfung ) eigentlich gemacht? Die Pr\u00fcfung besteht aus 3 Teilen: der F\u00e4hrte (Abteilung A), der Unterordnung (Abteilung B) und des Schutzdienstes (Abteilung C). Hier werden die drei Abteilungen einmal kurz erkl\u00e4rt. Es gibt drei Schwierigkeitsstufen (IGP 1-IGP3) F\u00e4hrte Der Hund folgt einer F\u00e4hrte \u00fcber einen Acker, eine &hellip; <\/p>\n<p class=\"link-more\"><a href=\"https:\/\/www.og-ffm-praunheim.de\/?page_id=56\" class=\"more-link\"><span class=\"screen-reader-text\">\u201eIGP\u201c <\/span>weiterlesen<\/a><\/p>\n","protected":false},"author":1,"featured_media":0,"parent":0,"menu_order":0,"comment_status":"closed","ping_status":"closed","template":"","meta":{"_mc_calendar":[],"footnotes":""},"class_list":["post-56","page","type-page","status-publish","hentry"],"_links":{"self":[{"href":"https:\/\/www.og-ffm-praunheim.de\/index.php?rest_route=\/wp\/v2\/pages\/56","targetHints":{"allow":["GET"]}}],"collection":[{"href":"https:\/\/www.og-ffm-praunheim.de\/index.php?rest_route=\/wp\/v2\/pages"}],"about":[{"href":"https:\/\/www.og-ffm-praunheim.de\/index.php?rest_route=\/wp\/v2\/types\/page"}],"author":[{"embeddable":true,"href":"https:\/\/www.og-ffm-praunheim.de\/index.php?rest_route=\/wp\/v2\/users\/1"}],"replies":[{"embeddable":true,"href":"https:\/\/www.og-ffm-praunheim.de\/index.php?rest_route=%2Fwp%2Fv2%2Fcomments&post=56"}],"version-history":[{"count":7,"href":"https:\/\/www.og-ffm-praunheim.de\/index.php?rest_route=\/wp\/v2\/pages\/56\/revisions"}],"predecessor-version":[{"id":754,"href":"https:\/\/www.og-ffm-praunheim.de\/index.php?rest_route=\/wp\/v2\/pages\/56\/revisions\/754"}],"wp:attachment":[{"href":"https:\/\/www.og-ffm-praunheim.de\/index.php?rest_route=%2Fwp%2Fv2%2Fmedia&parent=56"}],"curies":[{"name":"wp","href":"https:\/\/api.w.org\/{rel}","templated":true}]}}