{"id":54,"date":"2017-08-13T14:00:29","date_gmt":"2017-08-13T13:00:29","guid":{"rendered":"http:\/\/127.0.0.1\/wordpress\/?page_id=53"},"modified":"2024-03-05T10:28:22","modified_gmt":"2024-03-05T09:28:22","slug":"erziehungskurs","status":"publish","type":"page","link":"https:\/\/www.og-ffm-praunheim.de\/?page_id=54","title":{"rendered":"Erziehungskurs"},"content":{"rendered":"<p>In den \u00dcbungsstunden geht es um die Gehorsams-Grundausbildung f\u00fcr Junghunde, sowie um das Erhalten und F\u00f6rdern von bisher erreichten Lernzielen bei \u00e4lteren Hunden.<\/p>\n<p>Die Mensch-Hund-Beziehung soll auf Grund der bestehenden Bindung durch spielerisches, konsequentes Training gefestigt werden. Der Hund erh\u00e4lt hierdurch eine artgerechte Besch\u00e4ftigung und arbeitet f\u00fcr ein harmonisches Zusammenleben.<\/p>\n<p>Oft setzen sich die Kursteilnehmer das Bestehen der <strong>Begleithundepr\u00fcfung (BH)<\/strong> zum Ziel. Hier wird ein <strong>Sachkundenachweis<\/strong> \u00fcber theoretische Grundlagen in der Hundehaltung\/ Erziehung und Pflege des Hundes absolviert. Leinenf\u00fchrigkeit, laufen in der Freifolge sowie das Verhalten im Stra\u00dfenverkehr unter &#8222;Nicht-Hundeplatz\u201c Bedingungen werden ebenso gezeigt. Die BH stellt auch die Voraussetzung f\u00fcr verschiedene Hundesportarten wie Internationaler Gebrauchshundesport <strong>(IGP<\/strong>) und <strong>Agility<\/strong> dar, welche ebenfalls bei uns im Verein angeboten werden.<\/p>\n<p>Mit dem Bestehen der<strong> Begleithundepr\u00fcfung (BH)<\/strong> zeigen Sie sich und anderen, dass Sie mit ihrem Vierbeiner ein eingespieltes und funktionierendes Team sind.<\/p>\n<p><strong>Teilnehmer: <\/strong>Mindestalter der Hundef\u00fchrer*innen: 12 Jahre<br \/>\nMindestalter der Hunde: 5 Monate<strong><br \/>\n<\/strong><\/p>\n<p><strong>Mitzubringen sind:<\/strong> Impfpass und Haftpflichtversicherungsnachweis (beim ersten Besuch), Spielzeug und Leckerli.<\/p>\n<p><strong>Kontakt:\u00a0 <\/strong><a href=\"mailto:sauerbrey@og-ffm-praunheim.de\">Birgit Sauerbrey<\/a><\/p>\n","protected":false},"excerpt":{"rendered":"<p>In den \u00dcbungsstunden geht es um die Gehorsams-Grundausbildung f\u00fcr Junghunde, sowie um das Erhalten und F\u00f6rdern von bisher erreichten Lernzielen bei \u00e4lteren Hunden. Die Mensch-Hund-Beziehung soll auf Grund der bestehenden Bindung durch spielerisches, konsequentes Training gefestigt werden. Der Hund erh\u00e4lt hierdurch eine artgerechte Besch\u00e4ftigung und arbeitet f\u00fcr ein harmonisches Zusammenleben. Oft setzen sich die Kursteilnehmer &hellip; <\/p>\n<p class=\"link-more\"><a href=\"https:\/\/www.og-ffm-praunheim.de\/?page_id=54\" class=\"more-link\"><span class=\"screen-reader-text\">\u201eErziehungskurs\u201c <\/span>weiterlesen<\/a><\/p>\n","protected":false},"author":1,"featured_media":0,"parent":0,"menu_order":0,"comment_status":"closed","ping_status":"closed","template":"","meta":{"_mc_calendar":[],"footnotes":""},"class_list":["post-54","page","type-page","status-publish","hentry"],"_links":{"self":[{"href":"https:\/\/www.og-ffm-praunheim.de\/index.php?rest_route=\/wp\/v2\/pages\/54","targetHints":{"allow":["GET"]}}],"collection":[{"href":"https:\/\/www.og-ffm-praunheim.de\/index.php?rest_route=\/wp\/v2\/pages"}],"about":[{"href":"https:\/\/www.og-ffm-praunheim.de\/index.php?rest_route=\/wp\/v2\/types\/page"}],"author":[{"embeddable":true,"href":"https:\/\/www.og-ffm-praunheim.de\/index.php?rest_route=\/wp\/v2\/users\/1"}],"replies":[{"embeddable":true,"href":"https:\/\/www.og-ffm-praunheim.de\/index.php?rest_route=%2Fwp%2Fv2%2Fcomments&post=54"}],"version-history":[{"count":6,"href":"https:\/\/www.og-ffm-praunheim.de\/index.php?rest_route=\/wp\/v2\/pages\/54\/revisions"}],"predecessor-version":[{"id":731,"href":"https:\/\/www.og-ffm-praunheim.de\/index.php?rest_route=\/wp\/v2\/pages\/54\/revisions\/731"}],"wp:attachment":[{"href":"https:\/\/www.og-ffm-praunheim.de\/index.php?rest_route=%2Fwp%2Fv2%2Fmedia&parent=54"}],"curies":[{"name":"wp","href":"https:\/\/api.w.org\/{rel}","templated":true}]}}