{"id":49,"date":"2017-08-13T14:00:29","date_gmt":"2017-08-13T13:00:29","guid":{"rendered":"http:\/\/127.0.0.1\/wordpress\/?page_id=48"},"modified":"2025-08-27T23:27:31","modified_gmt":"2025-08-27T21:27:31","slug":"chronik","status":"publish","type":"page","link":"https:\/\/www.og-ffm-praunheim.de\/?page_id=49","title":{"rendered":"Chronik"},"content":{"rendered":"\n<p><strong><em>2025<\/em><\/strong> 95 Jahre OG Frankfurt-Praunheim 2. Helfersichtung f\u00fcr die WUSV WM Universal<\/p>\n\n\n\n<p><strong><em>2024 <\/em><\/strong>die Helfersichtung f\u00fcr die WUSV WM Universal f\u00fcr 2025 findet in unserer OG statt.<\/p>\n\n\n\n<p><strong><em>2023<\/em><\/strong> im M\u00e4rz verstirbt Sabrina Hartmann unsere Schriftf\u00fchrerin; im August verstirbt Monika Gebhart unsere 2. Vorsitzende. Sabbi und Moni wir werden euch nie vergessen!<\/p>\n\n\n\n<p><strong><em>2022 <\/em><\/strong>Rally Obedience wird eingef\u00fchrt<\/p>\n\n\n\n<p><strong><em>2020 <\/em><\/strong>90 Jahre OG Frankfurt-Praunheim. Die geplante Landesgruppen-Qualifikationpr\u00fcfung zum 7-L\u00e4nderwettkampf konnte aufgrund der Corona Virus Pandemie leider nicht stattfinden.<\/p>\n\n\n\n<p><strong><em>2017<\/em><\/strong> Skyline Cup<\/p>\n\n\n\n<p> <em><strong>201<\/strong><\/em><strong><em>6<\/em><\/strong> Regionalligaturnier<\/p>\n\n\n\n<p> <em><strong>201<\/strong><\/em><strong><em>4 <\/em><\/strong>LG-Jugendzuchtschau<\/p>\n\n\n\n<p><em><strong>2010 <\/strong><\/em>unsere OG feiert ihr 80 j\u00e4hriges Jubil\u00e4um.<\/p>\n\n\n\n<p><em><strong>2009 <\/strong><\/em>1. Agility-Turnier in unserer OG. Sabrina Hartmann startet mit  Ronja von der Felsenm\u00fchle bei der Bundessiegerpr\u00fcfung im Agility. Sie erreichen den 14. Platz und sind beste hessische Starter.<\/p>\n\n\n\n<p><strong><em>2006 <\/em><\/strong>Mitglieder der OG Ffm.-Praunheim starten nach einem Jahr  Agilitytraining bereits in der Regionalliga.<\/p>\n\n\n\n<p><strong><em>2005<\/em><\/strong> Agility wird eingef\u00fchrt.<\/p>\n\n\n\n<p><em><strong>2004<\/strong><\/em> Praunheim wird 1200 Jahre alt. Praunheimer Vereine stellen sich im Rahmen dieser 1200 Jahrfeier vor.<\/p>\n\n\n\n<p><em><strong>2000<\/strong><\/em>  Am 19.02.2000 wird unsere  Ortsgruppe 70  Jahre alt. Die  LG-Qualifikationspr\u00fcfung wird von unserer OG  ausgerichtet, sowie der  ARGE-Wettkampf  <\/p>\n\n\n\n<p><em><strong>1998<\/strong><\/em> Ausbildungsschulung im Schutzdienst<\/p>\n\n\n\n<p><em><strong>1997<\/strong><\/em> Walter Schwenk-Ged\u00e4chtnisschau. Ausstellung in der Sparkassenfiliale: &#8222;Praunheimer Vereine stellen sich vor&#8220;<\/p>\n\n\n\n<p><em><strong>1996<\/strong><\/em>  Birgit Sauerbrey wird  am 20.01.1996  zur Vorsitzenden gew\u00e4hlt. Am 29.04.1996 verstirbt der langj\u00e4hrige Vorsitzende, Ehrenvorsitzende, Zuchtwart und Ehrenmitglied Walter Schwenk<\/p>\n\n\n\n<p><em><strong>1995<\/strong><\/em> ARGE-Wettkampf. Alle vier Wanderpokale gehen an die Ortsgruppe Frankfurt-Praunheim e.V.<\/p>\n\n\n\n<p><em><strong>1993<\/strong><\/em>  Turbulenzen &#8211; der gesch\u00e4ftsf\u00fchrende Vorstand tritt zur\u00fcck. Walter Schwenk \u00fcbernimmt am  6.11.1993 wieder das  Amt des Vorsitzenden<\/p>\n\n\n\n<p><em><strong>1992<\/strong><\/em> Bau eines Brunnens f\u00fcr die Bew\u00e4sserung unserer Au\u00dfenanlagen und dem \u00dcbungsplatz<\/p>\n\n\n\n<p><em><strong>1991<\/strong><\/em> Die OG Ffm.-Praunheim wird in das Vereinsregister eingetragen (e.V.). Hessische Polizeimeisterschaften. ARGE-Wettkampf<\/p>\n\n\n\n<p><em><strong>1990<\/strong><\/em>  Die Ortsgruppe  Frankfurt-Praunheim  wird gemeinn\u00fctzig. Bundessiegerzuchtschau im  Frankfurter Waldstadion. 60 Jahre OG Ffm.-Praunheim.  Landesgruppen-Zuchtschau  <\/p>\n\n\n\n<p><em><strong>1989<\/strong><\/em> Jubil\u00e4um der SV Arbeitsgemeinschaft Frankfurt<\/p>\n\n\n\n<p><em><strong>1988<\/strong><\/em> F\u00fcnf-L\u00e4nderwettkampf-Qualifikation<\/p>\n\n\n\n<p><em><strong>1987<\/strong><\/em> Nachwuchs- und Sonderschau. ARGE-Wettkampf<\/p>\n\n\n\n<p><em><strong>1986<\/strong><\/em> Am 7.03.1986 Baubeginn des neuen Vereinsheimes und Ausbau des \u00dcbungsgel\u00e4ndes. Am 23.08.1986 Einweihung des neuen Vereinsgel\u00e4ndes<\/p>\n\n\n\n<p><em><strong>1985<\/strong><\/em>  Mietvertrag f\u00fcr das  neue  Vereinsgel\u00e4nde an der Niedwiesenstra\u00dfe mit  der Stadt Frankfurt   abgeschlossen. Nachwuchs- und Sonderschau.  Bundesqualifikation f\u00fcr die   WUSV  Europameisterschaft. Erster  Spatenstich am 06.10.1985 auf dem  neuen  Vereinsgel\u00e4nde<\/p>\n\n\n\n<p><em><strong>1984<\/strong><\/em>  Wegen der geplanten   Bundesgartenschau und dem Volkspark Niddatal soll  der Verein das \u00dcbungsgel\u00e4nde am Ginnheimer W\u00e4ldchen aufgeben  <\/p>\n\n\n\n<p><em><strong>1983<\/strong><\/em> Sieger-Hauptzuchtschau im Frankfurter Waldstadion<\/p>\n\n\n\n<p><em><strong>1982<\/strong><\/em> ARGE-Wettkampf<\/p>\n\n\n\n<p><em><strong>1980<\/strong><\/em> 50 Jahre Ortsgruppe Frankfurt-Praunheim. Jubil\u00e4umsfeier und Landesgruppen-Zuchtschau<\/p>\n\n\n\n<p><em><strong>1979<\/strong><\/em> S\u00fcddeutscher Jugend-L\u00e4nderpokal-Wettkampf. Die Flutlichtanlage wird in Betrieb genommen<\/p>\n\n\n\n<p><em><strong>1978<\/strong><\/em> ARGE-Wettkampf<\/p>\n\n\n\n<p><em><strong>1977<\/strong><\/em> Sonderschau<\/p>\n\n\n\n<p><em><strong>1976<\/strong><\/em> Internationale Zuchtschau auf dem Messegel\u00e4nde. Erste Sammelk\u00f6rung der Landesgruppe Hessen<\/p>\n\n\n\n<p><em><strong>1975<\/strong><\/em> Ein angrenzendes Grundst\u00fcck wird gepachtet und der \u00dcbungsplatz wird erweitert<\/p>\n\n\n\n<p><em><strong>1974<\/strong><\/em> Jahreshauptversammlung am 30.03. im neu erstellten Vereinsheim. Der \u00dcbungsplatz und das Vereinsheim werden weiter ausgebaut<\/p>\n\n\n\n<p><em><strong>1973<\/strong><\/em>  Mit der SchH-Pr\u00fcfung im  Fr\u00fchjahr 1973 endet die \u00c4ra an   der Sternbr\u00fccke   Neuer Beginn am Ginnheimer W\u00e4ldchen. SchH-Pr\u00fcfung trotz Fahrverbot (\u00d6lkrise). Alle Teilnehmer kommen mit dem Fahrrad<\/p>\n\n\n\n<p><em><strong>1972<\/strong><\/em>   Arbeitsgemeinschaftswettkampf  (ARGE-Wettkampf), K\u00fcndigung des  \u00dcbungsgel\u00e4ndes. <\/p>\n\n\n\n<p><em><strong>1970<\/strong><\/em> Zum 2. Mal wird &#8222;Heiko von Oranien Nassau&#8220; Bundes-Zuchtsieger<\/p>\n\n\n\n<p><em><strong>1969<\/strong><\/em> Bundes-Zuchtsieger &#8222;Heiko von Oranien Nassau&#8220;. Z\u00fcchter und Besitzer: Walter Schwenk<\/p>\n\n\n\n<p><em><strong>1967<\/strong><\/em> Sonderschau<\/p>\n\n\n\n<p><em><strong>1966<\/strong><\/em> Erstellung eines neuen Vereinsheimes an der Sternbr\u00fccke<\/p>\n\n\n\n<p><em><strong>1963<\/strong><\/em> Sonderschau. Ernst Winter Ged\u00e4chtniswettkampf<\/p>\n\n\n\n<p><em><strong>1962<\/strong><\/em> Walter Schwenk wird am 12.1.1962 zum Vorsitzenden gew\u00e4hlt<\/p>\n\n\n\n<p><em><strong>1961<\/strong><\/em> Emil Berninger verstirbt am 17.11.1961<\/p>\n\n\n\n<p><em><strong>1958<\/strong><\/em>  Neuer \u00dcbungsplatz an  der  Sternbr\u00fccke in Frankfurt-R\u00f6delheim. Es  folgen arbeitsreiche Jahre f\u00fcr den Auf-und Ausbau des neuen Gel\u00e4ndes  <\/p>\n\n\n\n<p><em><strong>1955<\/strong><\/em> Die OG wird 25 Jahre alt. Unsere Jubil\u00e4umsschau wird ausgerichtet.<\/p>\n\n\n\n<p><em><strong>1954<\/strong><\/em> Die Ortsgruppe Frankfurt-Praunheim wird wieder selbst\u00e4ndig.<\/p>\n\n\n\n<p><em><strong>1946<\/strong><\/em>  Die Ortsgruppe  Ffm.-1911,  Ffm.-Niederrad und Ffm.-Praunheim schlie\u00dfen  sich zusammen zu  den  Vereinigten Ortsgruppen Frankfurt am Main. Von  dieser Zeit sind  keine Protokollb\u00fccher und Unterlagen vorhanden<\/p>\n\n\n\n<p><em><strong>1942<\/strong><\/em> Die Vereinsarbeit ist stark r\u00fcckl\u00e4ufig. Letzter Eintrag im Protokollbuch am 15.10.1942<\/p>\n\n\n\n<p><em><strong>1939<\/strong><\/em>  Der zweite Weltkrieg  beginnt. Nicht  nur die Mitglieder des Vereins,  auch ihre Hunde werden  zur Wehrmacht  eingezogen und kommen als Melde-und Sanit\u00e4tshunde zum Einsatz<\/p>\n\n\n\n<p><em><strong>1938<\/strong><\/em> Neuer \u00dcbungsplatz am Bunker in Frankfurt-Hausen<\/p>\n\n\n\n<p><strong><em>1936<\/em><\/strong> Die Gleichschaltung geht weiter. Neuer Name: Fachgruppe Frankfurt-Praunheim im Kreis Frankfurt<\/p>\n\n\n\n<p><em><strong>1934<\/strong><\/em> Einreihung in den Reichsbund der Hunde Deutschlands<\/p>\n\n\n\n<p><em><strong>1933<\/strong><\/em> Erste Sonderschau<\/p>\n\n\n\n<p> <em><strong>1931<\/strong><\/em> Bau einer Schutzh\u00fctte auf dem \u00dcbungsplatz in der Steinbacher Hohl  <\/p>\n\n\n\n<p><em><strong>1930<\/strong><\/em>  Am 19.02. Gr\u00fcndung der SV-Ortsgruppe  Frankfurt-Praunheim.  17  Gr\u00fcndungsmitglieder w\u00e4hlen Emil Berninger zum  Vorsitzenden. Er ist  Initiator und die ma\u00dfgebende Pers\u00f6nlichkeit des Vereins und Vorsitzender bis 1961  <\/p>\n","protected":false},"excerpt":{"rendered":"<p>2025 95 Jahre OG Frankfurt-Praunheim 2. Helfersichtung f\u00fcr die WUSV WM Universal 2024 die Helfersichtung f\u00fcr die WUSV WM Universal f\u00fcr 2025 findet in unserer OG statt. 2023 im M\u00e4rz verstirbt Sabrina Hartmann unsere Schriftf\u00fchrerin; im August verstirbt Monika Gebhart unsere 2. Vorsitzende. Sabbi und Moni wir werden euch nie vergessen! 2022 Rally Obedience wird &hellip; <\/p>\n<p class=\"link-more\"><a href=\"https:\/\/www.og-ffm-praunheim.de\/?page_id=49\" class=\"more-link\"><span class=\"screen-reader-text\">\u201eChronik\u201c <\/span>weiterlesen<\/a><\/p>\n","protected":false},"author":1,"featured_media":0,"parent":0,"menu_order":0,"comment_status":"closed","ping_status":"closed","template":"","meta":{"_mc_calendar":[],"footnotes":""},"class_list":["post-49","page","type-page","status-publish","hentry"],"_links":{"self":[{"href":"https:\/\/www.og-ffm-praunheim.de\/index.php?rest_route=\/wp\/v2\/pages\/49","targetHints":{"allow":["GET"]}}],"collection":[{"href":"https:\/\/www.og-ffm-praunheim.de\/index.php?rest_route=\/wp\/v2\/pages"}],"about":[{"href":"https:\/\/www.og-ffm-praunheim.de\/index.php?rest_route=\/wp\/v2\/types\/page"}],"author":[{"embeddable":true,"href":"https:\/\/www.og-ffm-praunheim.de\/index.php?rest_route=\/wp\/v2\/users\/1"}],"replies":[{"embeddable":true,"href":"https:\/\/www.og-ffm-praunheim.de\/index.php?rest_route=%2Fwp%2Fv2%2Fcomments&post=49"}],"version-history":[{"count":25,"href":"https:\/\/www.og-ffm-praunheim.de\/index.php?rest_route=\/wp\/v2\/pages\/49\/revisions"}],"predecessor-version":[{"id":798,"href":"https:\/\/www.og-ffm-praunheim.de\/index.php?rest_route=\/wp\/v2\/pages\/49\/revisions\/798"}],"wp:attachment":[{"href":"https:\/\/www.og-ffm-praunheim.de\/index.php?rest_route=%2Fwp%2Fv2%2Fmedia&parent=49"}],"curies":[{"name":"wp","href":"https:\/\/api.w.org\/{rel}","templated":true}]}}